{"id":2,"date":"2017-09-25T17:38:08","date_gmt":"2017-09-25T17:38:08","guid":{"rendered":"http:\/\/refugiodelpirata.com\/?page_id=2"},"modified":"2017-11-02T15:08:48","modified_gmt":"2017-11-02T15:08:48","slug":"blog","status":"publish","type":"page","link":"https:\/\/refugiodelpirata.com\/en\/blog\/","title":{"rendered":"Blog"},"content":{"rendered":"Esto es una p\u00e1gina de ejemplo. Es diferente a una entrada del blog, ya que permanecer\u00e1 fija en un lugar y se mostrar\u00e1 en la navegaci\u00f3n de su sitio (en la mayor\u00eda de temas). La mayor\u00eda de personas empieza con una p\u00e1gina Acerca de, que brinda informaci\u00f3n a los visitantes de su sitio. Se podr\u00eda decir algo como esto:<\/p>\n<blockquote><p>\u00a1Hola! Durante el d\u00eda soy un mensajero, un aspirante a actor por la noche, y este es mi blog. Vivo en Lima, tengo un enorme perro llamado Pocho, y me gusta el Pisco Sour. (Y caminar bajo la lluvia.)<\/p><\/blockquote>\n<p>&#8230;o algo como esto:<\/p>\n<blockquote><p>La compa\u00f1\u00eda XYZ, se fund\u00f3 en 1971, y ha estado desde entonces, proporcionando artilugios de calidad al p\u00fablico. Est\u00e1 situado en la ciudad de Lima, XYZ emplea a m\u00e1s de 2,000 personas y hace todo tipo de cosas sorprendentes para la comunidad lime\u00f1a.<\/p><\/blockquote>\n<p>Como nuevo usuario de WordPress, usted debe ir a <a href=\"https:\/\/refugiodelpirata.com\/wp-admin\/\">su panel<\/a> para eliminar esta p\u00e1gina y crear nuevas para su contenido. \u00a1Que se divierta!","protected":false},"excerpt":{"rendered":"<p>Esto es una p\u00e1gina de ejemplo. Es diferente a una entrada del blog, ya que permanecer\u00e1 fija en un lugar y se mostrar\u00e1 en la navegaci\u00f3n de su sitio (en la mayor\u00eda de temas). La mayor\u00eda de personas empieza con una p\u00e1gina Acerca de, que brinda informaci\u00f3n a los visitantes de su sitio. Se podr\u00eda [&hellip;]<\/p>\n","protected":false},"author":2,"featured_media":0,"parent":0,"menu_order":0,"comment_status":"closed","ping_status":"open","template":"page-templates\/page-blog.php","meta":[],"yoast_head":"<!-- This site is optimized with the Yoast SEO plugin v16.7 - https:\/\/yoast.com\/wordpress\/plugins\/seo\/ -->\n<meta name=\"robots\" content=\"index, follow, max-snippet:-1, max-image-preview:large, max-video-preview:-1\" \/>\n<link rel=\"canonical\" href=\"https:\/\/refugiodelpirata.com\/en\/blog\/\" \/>\n<meta property=\"og:locale\" content=\"en_US\" \/>\n<meta property=\"og:type\" content=\"article\" \/>\n<meta property=\"og:title\" content=\"Blog - Refugio del Pirata\" \/>\n<meta property=\"og:description\" content=\"Esto es una p\u00e1gina de ejemplo. Es diferente a una entrada del blog, ya que permanecer\u00e1 fija en un lugar y se mostrar\u00e1 en la navegaci\u00f3n de su sitio (en la mayor\u00eda de temas). La mayor\u00eda de personas empieza con una p\u00e1gina Acerca de, que brinda informaci\u00f3n a los visitantes de su sitio. Se podr\u00eda [&hellip;]\" \/>\n<meta property=\"og:url\" content=\"https:\/\/refugiodelpirata.com\/en\/blog\/\" \/>\n<meta property=\"og:site_name\" content=\"Refugio del Pirata\" \/>\n<meta property=\"article:modified_time\" content=\"2017-11-02T15:08:48+00:00\" \/>\n<meta name=\"twitter:card\" content=\"summary\" \/>\n<meta name=\"twitter:label1\" content=\"Est. reading time\" \/>\n\t<meta name=\"twitter:data1\" content=\"1 minute\" \/>\n<script type=\"application\/ld+json\" class=\"yoast-schema-graph\">{\"@context\":\"https:\/\/schema.org\",\"@graph\":[{\"@type\":\"WebSite\",\"@id\":\"https:\/\/refugiodelpirata.com\/en\/#website\",\"url\":\"https:\/\/refugiodelpirata.com\/en\/\",\"name\":\"Refugio del Pirata\",\"description\":\"Refugio del Pirata\",\"potentialAction\":[{\"@type\":\"SearchAction\",\"target\":{\"@type\":\"EntryPoint\",\"urlTemplate\":\"https:\/\/refugiodelpirata.com\/en\/?s={search_term_string}\"},\"query-input\":\"required name=search_term_string\"}],\"inLanguage\":\"en-US\"},{\"@type\":\"WebPage\",\"@id\":\"https:\/\/refugiodelpirata.com\/en\/blog\/#webpage\",\"url\":\"https:\/\/refugiodelpirata.com\/en\/blog\/\",\"name\":\"Blog - Refugio del Pirata\",\"isPartOf\":{\"@id\":\"https:\/\/refugiodelpirata.com\/en\/#website\"},\"datePublished\":\"2017-09-25T17:38:08+00:00\",\"dateModified\":\"2017-11-02T15:08:48+00:00\",\"breadcrumb\":{\"@id\":\"https:\/\/refugiodelpirata.com\/en\/blog\/#breadcrumb\"},\"inLanguage\":\"en-US\",\"potentialAction\":[{\"@type\":\"ReadAction\",\"target\":[\"https:\/\/refugiodelpirata.com\/en\/blog\/\"]}]},{\"@type\":\"BreadcrumbList\",\"@id\":\"https:\/\/refugiodelpirata.com\/en\/blog\/#breadcrumb\",\"itemListElement\":[{\"@type\":\"ListItem\",\"position\":1,\"name\":\"Portada\",\"item\":\"https:\/\/refugiodelpirata.com\/en\/\"},{\"@type\":\"ListItem\",\"position\":2,\"name\":\"Blog\"}]}]}<\/script>\n<!-- \/ Yoast SEO plugin. -->","yoast_head_json":{"robots":{"index":"index","follow":"follow","max-snippet":"max-snippet:-1","max-image-preview":"max-image-preview:large","max-video-preview":"max-video-preview:-1"},"canonical":"https:\/\/refugiodelpirata.com\/en\/blog\/","og_locale":"en_US","og_type":"article","og_title":"Blog - Refugio del Pirata","og_description":"Esto es una p\u00e1gina de ejemplo. Es diferente a una entrada del blog, ya que permanecer\u00e1 fija en un lugar y se mostrar\u00e1 en la navegaci\u00f3n de su sitio (en la mayor\u00eda de temas). La mayor\u00eda de personas empieza con una p\u00e1gina Acerca de, que brinda informaci\u00f3n a los visitantes de su sitio. Se podr\u00eda [&hellip;]","og_url":"https:\/\/refugiodelpirata.com\/en\/blog\/","og_site_name":"Refugio del Pirata","article_modified_time":"2017-11-02T15:08:48+00:00","twitter_card":"summary","twitter_misc":{"Est. reading time":"1 minute"},"schema":{"@context":"https:\/\/schema.org","@graph":[{"@type":"WebSite","@id":"https:\/\/refugiodelpirata.com\/en\/#website","url":"https:\/\/refugiodelpirata.com\/en\/","name":"Refugio del Pirata","description":"Refugio del Pirata","potentialAction":[{"@type":"SearchAction","target":{"@type":"EntryPoint","urlTemplate":"https:\/\/refugiodelpirata.com\/en\/?s={search_term_string}"},"query-input":"required name=search_term_string"}],"inLanguage":"en-US"},{"@type":"WebPage","@id":"https:\/\/refugiodelpirata.com\/en\/blog\/#webpage","url":"https:\/\/refugiodelpirata.com\/en\/blog\/","name":"Blog - Refugio del Pirata","isPartOf":{"@id":"https:\/\/refugiodelpirata.com\/en\/#website"},"datePublished":"2017-09-25T17:38:08+00:00","dateModified":"2017-11-02T15:08:48+00:00","breadcrumb":{"@id":"https:\/\/refugiodelpirata.com\/en\/blog\/#breadcrumb"},"inLanguage":"en-US","potentialAction":[{"@type":"ReadAction","target":["https:\/\/refugiodelpirata.com\/en\/blog\/"]}]},{"@type":"BreadcrumbList","@id":"https:\/\/refugiodelpirata.com\/en\/blog\/#breadcrumb","itemListElement":[{"@type":"ListItem","position":1,"name":"Portada","item":"https:\/\/refugiodelpirata.com\/en\/"},{"@type":"ListItem","position":2,"name":"Blog"}]}]}},"_links":{"self":[{"href":"https:\/\/refugiodelpirata.com\/en\/wp-json\/wp\/v2\/pages\/2"}],"collection":[{"href":"https:\/\/refugiodelpirata.com\/en\/wp-json\/wp\/v2\/pages"}],"about":[{"href":"https:\/\/refugiodelpirata.com\/en\/wp-json\/wp\/v2\/types\/page"}],"author":[{"embeddable":true,"href":"https:\/\/refugiodelpirata.com\/en\/wp-json\/wp\/v2\/users\/2"}],"replies":[{"embeddable":true,"href":"https:\/\/refugiodelpirata.com\/en\/wp-json\/wp\/v2\/comments?post=2"}],"version-history":[{"count":5,"href":"https:\/\/refugiodelpirata.com\/en\/wp-json\/wp\/v2\/pages\/2\/revisions"}],"predecessor-version":[{"id":270,"href":"https:\/\/refugiodelpirata.com\/en\/wp-json\/wp\/v2\/pages\/2\/revisions\/270"}],"wp:attachment":[{"href":"https:\/\/refugiodelpirata.com\/en\/wp-json\/wp\/v2\/media?parent=2"}],"curies":[{"name":"wp","href":"https:\/\/api.w.org\/{rel}","templated":true}]}}